{"id":7370,"date":"2023-01-30T14:58:58","date_gmt":"2023-01-30T14:58:58","guid":{"rendered":"https:\/\/centrocar.com\/?page_id=1975"},"modified":"2023-10-30T11:39:39","modified_gmt":"2023-10-30T11:39:39","slug":"privacy-policy","status":"publish","type":"page","link":"https:\/\/centrocar.com\/portugal\/en\/privacy-policy\/","title":{"rendered":"PRIVACY POLICY"},"content":{"rendered":"\r\n<p>&nbsp;<\/p>\r\n<p style=\"text-align: justify;\">In accordance with the new General Data Protection Regulation (GDPR) that came into force on 25 May 2018, our customers\/subscribers can change, delete or modify the data they share with us at any time. The new European and national legislation on the protection of personal data requires you to inform us if you wish to continue receiving our communications.<\/p>\r\n<p style=\"text-align: justify;\"><strong>CENTROCAR<\/strong> has always respected individual privacy and values your trust, which is why we are committed to protecting your personal data.<\/p>\r\n<h4 class=\"wp-block-heading\">LEGAL INFORMATION REGARDING DATA PROTECTION<\/h4>\r\n<p style=\"text-align: justify;\">At <strong>CENTROCAR &#8211; Centro de Equipamentos Mec\u00e2nicos S.A.<\/strong> we understand that the use of your personal data requires your trust. We are subject to the highest privacy standards and will only use your personal data for clearly identified purposes and in accordance with your data protection rights.<\/p>\r\n<p style=\"text-align: justify;\">The confidentiality and integrity of your personal data is one of our main concerns.<\/p>\r\n<p style=\"text-align: justify;\">This Privacy Policy establishes how <strong>Centrocar Portugal<\/strong>, <strong>Centrocar Spain<\/strong>, <strong>Centrocar Angola<\/strong> and <strong>Centrocar Mozambique<\/strong> use the personal data of their clients and potential clients within the scope of this Home Page and consists of the following approaches:<\/p>\r\n<h4>WHICH COMPANIES MAKE UP CENTROCAR?<\/h4>\r\n<p style=\"text-align: justify;\"><strong>CENTROCAR<\/strong> operates through the following entities in Iberia and Africa:<\/p>\r\n<p style=\"text-align: justify; padding-left: 40px;\"><strong>CENTROCAR PORTUGAL<\/strong><br \/>Rua Vilar do Senhor, 461 &#8211; 1\u00ba Andar<br \/>4455-213 Lavra<br \/>Matosinhos<\/p>\r\n<p style=\"text-align: justify; padding-left: 40px;\"><strong>CENTROCAR SPAIN<\/strong><br \/>Area Empresarial Andalucia Sector 1<br \/>C \/ Marismas, 7<br \/>28320 Pinto (Madrid)<\/p>\r\n<p style=\"text-align: justify; padding-left: 40px;\"><strong>CENTROCAR ANGOLA<\/strong><br \/>Bom Jesus<br \/>Estrada Viana &#8211; Catete, km 40<br \/>Bengo<\/p>\r\n<p style=\"text-align: justify; padding-left: 40px;\"><strong>CENTROCAR MOZAMBIQUE<\/strong><br \/>Av. Samora Machel, N\u00ba 1561<br \/>1114 Matola<br \/>Maputo<\/p>\r\n<p style=\"text-align: justify;\"><strong>CENTROCAR<\/strong>, with its head office in Portugal, registered with the Commercial Registry Office of V. F. Xira under the single registration and legal person number 500061270, coordinates the activity of its retail centres and workshops, is responsible for second-level customer support and technical issues, manages the centrocar.com website, the CENPARTS and Centrorent service, and promotes the brands represented in the portfolio.<\/p>\r\n<p style=\"text-align: justify;\">Without prejudice to the fact that they carry out their activities using the represented brands, under representation agreements for the commercialisation of equipment and the provision of associated services, the dealers and workshops are autonomous entities and are not legally integrated into the represented brands. All references to the represented brands in this Privacy Policy include only <strong>CENTROCAR<\/strong> and not dealers\/workshops outside the group.<\/p>\r\n<h4>RESPONSIBILITY FOR PROCESSING PERSONAL DATA<\/h4>\r\n<p style=\"text-align: justify;\"><strong>CENTROCAR<\/strong> is responsible for processing the personal data of its customers and\/or potential customers who fill in their details and submit the Consent Form for CENTROCAR Marketing Communications via the following page: <a href=\"https:\/\/centrocar.com\/en\/contacts\/\">link<\/a>.<\/p>\r\n<p style=\"text-align: justify;\">The branches and\/or workshops (the branch\/workshop chosen by you, the branch of your last purchase, the branch\/workshop of your last service\/repair or the branch\/workshop geographically closest to your address) will be responsible for processing the personal data of <strong>Centrocar<\/strong> customers and\/or potential customers who have consented to receive marketing communications by completing the Centrocar Marketing Communications Consent Form.<\/p>\r\n<p style=\"text-align: justify;\">Although this Policy describes the use of your personal data by subsidiaries\/workshops, they may collect your data independently. You may at any time contact us directly or the subsidiary\/workshop regarding any changes or questions concerning the use of your personal data.<\/p>\r\n<h4>COLLECTION OF PERSONAL DATA<\/h4>\r\n<p style=\"text-align: justify;\">Your personal data will be collected and processed in the following situations:<\/p>\r\n<ul>\r\n<li>If you fill in your personal details and submit the Consent Form on this Home Page; and\/or<\/li>\r\n<li>If you purchase and\/or use CENTROCAR equipment, products or services<\/li>\r\n<li>In the second case, the commercial relationship may constitute the \ufb01gure of the soft opt-in, a theme that is already reflected in ePrivacy, specific European Union legislation that overlaps with the GDPR.<\/li>\r\n<\/ul>\r\n<blockquote>\r\n<p style=\"text-align: justify;\">There is an exception called the \u2018soft opt-in\u2019. This means that consent is not required if you are sending marketing message about similar products and services to your customers\/clients or thoseyou have negotiated with to provide products or services, as long as: You give them the opportunity to opt-out when you receive their contact information; and You give them the opportunity to opt-out when you send them subsequent messages. This processing is not based on consent, but rather the legitimate interests processing conditionand can only be relied upon by the organisation that collected the contact details, not third parties.<br \/>Source: ePrivacy &#8211; European Union<\/p>\r\n<\/blockquote>\r\n<h4>PURPOSES AND GROUNDS FOR USE OF PERSONAL DATA<\/h4>\r\n<p style=\"text-align: justify;\">Your personal data will be collected and used for Customer Service and Marketing purposes (communication of information and products and services), under the strict terms selected by you in the Consent Form.<\/p>\r\n<p style=\"text-align: justify;\">Under the data protection legislation in force in the European Union (the General Data Protection Regulation), the use of personal data must be justified by at least one legal ground for the processing of personal data. You can consult the explanation of the scope of each of these grounds.*<\/p>\r\n<p style=\"text-align: justify;\">The legal basis applicable to the collection and use of your personal data for customer service and marketing purposes is your consent.<\/p>\r\n<p style=\"text-align: justify;\">*Legal bases for processing personal data<\/p>\r\n<ul>\r\n<li>When you have given your consent to the processing of your personal data (for these purposes you will be presented with a consent form for the use of your data, which you can later withdraw);<\/li>\r\n<li>When the processing is necessary to enter into a contract with you or to carry it out;<\/li>\r\n<li>When processing is necessary for the fulfilment of legal obligations to which <strong>CENTROCAR<\/strong> is subject;<\/li>\r\n<li>When the processing is necessary to fulfil a legitimate interest and our reasons for using it outweigh your data protection rights;<\/li>\r\n<li>When processing is necessary for us to assert, exercise or defend a right in legal proceedings against you, us or a third party.<\/li>\r\n<\/ul>\r\n<h4><br \/>WHAT PERSONAL DATA CAN BE COLLECTED<\/h4>\r\n<p style=\"text-align: justify;\">The following categories of personal data may be collected through the channels and services described in this Privacy Policy:<\/p>\r\n<ul>\r\n<li>Contact Information: Name, Address, Email<\/li>\r\n<li>Personal Information: Date of birth; marital status; household; driving licence (type); profession; requests (e.g. information, quotation); retail centres\/workshops (chosen by you, of your last purchase, of your last service\/repair or geographically closest to your address); hobbies; preferred method of payment; preferred channel of contact; company name.<\/li>\r\n<li>Identification data: customer number, contract number<\/li>\r\n<li>Customer history: Customer satisfaction ratio; offers received; equipment(s) purchased, including information on model, configuration, purchase date, registration date, serial number, order date, delivery date, owner, price; warranty information; residual value; financial information; part, accessory and product purchase details; data collected during branch visits (e.g. orders, request information, sales consultant responsible, service history); campaign\/response history; optional customer data on equipment purchased from other manufacturers; participation in events (local, company); complaints history<\/li>\r\n<li>Equipment utilisation data: Maintenance history; fuel tank level; autonomy; Core TMS data; outside temperature; location (including pick-ups and deliveries) or location of equipment park.<\/li>\r\n<li>Equipment usage data: number of hours, number of kilometres, year of manufacture<\/li>\r\n<li>Data from the CenParts Customer Portal: If you have registered with CenParts, the following data may be used: details of how you have used the Portal, the date and time and nature of your requests, your IP address, data about the device you use to interact with the Customer Portal.<\/li>\r\n<\/ul>\r\n<h4>SECURITY OF PERSONAL DATA COLLECTED<\/h4>\r\n<p style=\"text-align: justify;\">We use a variety of security measures, including authentication tools, to help protect and maintain the security, integrity and availability of your personal data.<\/p>\r\n<p style=\"text-align: justify;\">Although the transmission of data via the internet or website cannot guarantee complete security against intrusion, we and our service providers and business partners endeavour to implement and maintain physical, electronic and procedural security measures designed to protect your personal data in accordance with applicable data protection requirements. Among others, we have implemented the following:<\/p>\r\n<ul>\r\n<li>Restricted personal access to your personal data on a &#8220;need to know&#8221; basis and only within the scope of the purposes communicated;<\/li>\r\n<li>Transfer of data collected only in a secure and confidential manner;<\/li>\r\n<li>Protection of information technology systems through firewalls to prevent unauthorised access to your personal data; and<\/li>\r\n<li>Permanent monitoring of access to information technology systems with a view to preventing, detecting and stopping the misuse of your personal data.<\/li>\r\n<\/ul>\r\n<h4>HOW LONG PERSONAL DATA IS KEPT<\/h4>\r\n<p style=\"text-align: justify;\">We keep your data indefinitely and only for as long as is necessary for the purpose for which it was collected.<\/p>\r\n<p style=\"text-align: justify;\">Once the maximum retention period has been reached, your personal data will be irreversibly anonymised (the anonymised data may be retained) or securely destroyed.<\/p>\r\n<p style=\"text-align: justify;\">For the purposes described in this Privacy Policy (customer service and marketing) your personal data will be kept until you request the withdrawal \/ cancellation of your consent.<\/p>\r\n<h4>DATA TRANSMISSION\/SHARING AND SECURITY<\/h4>\r\n<p style=\"text-align: justify;\"><strong>CENTROCAR<\/strong> is an international group. As such, your personal data may be accessed by our suppliers or service providers located in countries outside the EEA (European Economic Area), for the purposes described in this Privacy Policy, where data protection legislation may be less stringent than that in force in the EEA.<\/p>\r\n<p style=\"text-align: justify;\">We guarantee that your personal data that is exported outside the EEA will be processed in accordance with appropriate security measures.<\/p>\r\n<p style=\"text-align: justify;\">Your personal data is stored on the protected servers of our suppliers\/service providers and is accessed and used exclusively under our policies and standards (or equivalent policies and standards of our suppliers\/service providers).<\/p>\r\n<p style=\"text-align: justify; padding-left: 40px;\">*<strong>Contact details for Centrocar and the Data Protection Officer:<\/strong><\/p>\r\n<p style=\"text-align: justify; padding-left: 40px;\"><strong>Data Protection Officer<\/strong><br \/><strong>rgpd@centrocar.com<\/strong><br \/><strong>Subject: RGPD<\/strong><br \/><strong>Phone: 220 029 150 available from 9am to 6pm Monday to Friday<\/strong><\/p>\r\n<h4>RECRUITMENT<\/h4>\r\n<p style=\"text-align: justify;\">By completing the registration form for recruitment processes, you formalise your application, consenting and authorising that the data collected by <strong>CENTROCAR<\/strong> be processed for the purposes of recruitment processes that may be initiated during the next 12 (twelve) months. At the end of this period, this application will no longer appear on the list of active applications, so you must re-apply for new recruitment processes.<\/p>\r\n<p style=\"text-align: justify;\">Applications from minors are not accepted.<\/p>\r\n<p style=\"text-align: justify;\">The data collected may be shared with other<strong> CENTROCAR<\/strong> Group companies, a full list of which can be found in this Privacy Policy. Within the scope of its legitimate interest, <strong>CENTROCAR<\/strong> will also process the data collected for the purposes of:<\/p>\r\n<ul>\r\n<li>i) fraud prevention and detection,<\/li>\r\n<li>ii) network and information security,<\/li>\r\n<li>iii) website development and maintenance,<\/li>\r\n<li>iv) provision of technical assistance.<\/li>\r\n<\/ul>\r\n<p style=\"text-align: justify;\">Data will be processed on the basis of consent and may also be used to fulfil legal obligations or in the situations indicated above that correspond to a legitimate interest of <strong>CENTROCAR<\/strong>. In the latter case, processing will be carried out in accordance with applicable legislation and in compliance with users&#8217; rights.<\/p>\r\n<p style=\"text-align: justify;\">Under the terms of the legislation in force, you are guaranteed access, rectification, amendment, objection to processing, portability, deletion and restriction of processing of your personal data, via the <strong>CENTROCA<\/strong>R customer helpline, by e-mail rgpd@centrocar.com or by telephone 220 029 150.<\/p>\r\n<h4>CHANGE \/ WITHDRAW YOUR CONSENT<\/h4>\r\n<p style=\"text-align: justify;\">You can change or withdraw your consent at any time, with effect for the future.<\/p>\r\n<p style=\"text-align: justify;\">Once you have completely withdrawn your declarations of consent, you will no longer be contacted or receive communications for the purposes described in this Privacy Policy.<\/p>\r\n<p style=\"text-align: justify;\">To withdraw your declarations of consent submitted to <strong>CENTROCAR<\/strong>, simply access the Consent Form again, fill in your personal details and resubmit the Consent Form, selecting the tick boxes according to your preferences. The last Consent Form submitted to <strong>CENTROCAR<\/strong> will take precedence over all previous ones.<\/p>\r\n<p style=\"text-align: justify;\">The consent granted to <strong>CENTROCAR<\/strong> can be withdrawn via the &#8220;Unsubscribe&#8221; or &#8220;Remove subscription&#8221; link in the communications sent or by contacting us directly via email rgpd@centrocar.com (subject: GDPR) or by telephone 220 029 150.<\/p>\r\n<p style=\"text-align: justify;\"><strong>CONTACT US TO ENFORCE YOUR DATA PROTECTION RIGHTS AND THE RIGHT TO LODGE A COMPLAINT WITH YOUR SUPERVISORY AUTHORITY<\/strong><\/p>\r\n<p style=\"text-align: justify;\">If you have any questions regarding our use of your personal data, you should first contact our customer service department. In addition, you can contact the Data Protection Officer.<\/p>\r\n<p style=\"text-align: justify;\">Subject to certain conditions, you may have the right to ask us to:<\/p>\r\n<ul>\r\n<li>we provide you with additional information about our use of your personal data;<\/li>\r\n<li>we provide you with a copy of the personal data you have given us;<\/li>\r\n<li>provide the personal data you have given us to another controller at your request;<\/li>\r\n<li>update any inaccuracies in the personal data we hold;<\/li>\r\n<li>that we delete personal data whose use is no longer legitimate;<\/li>\r\n<li>limit the way we use your personal data until the complaint has been investigated.<\/li>\r\n<\/ul>\r\n<p style=\"text-align: justify;\">Your exercise of these rights is subject to certain exceptions designed to safeguard the public interest (prevention or detection of crime) or our interest (maintaining professional secrecy).<\/p>\r\n<p style=\"text-align: justify;\">If you exercise any of these rights, we will analyse them and respond, hopefully within one (1) month.<\/p>\r\n<p style=\"text-align: justify;\">If you are dissatisfied with our use of your personal data or with our response after exercising any of these rights, you have the right to lodge a complaint with your supervisory authority (Comiss\u00e3o Nacional de Prote\u00e7\u00e3o de Dados &#8211; CNPD | Rua de S\u00e3o Bento, n.\u00ba 148, 3\u00ba, 1200-821 Lisboa | Tel: 351 213928400 | Fax: +351 213976832 | e-mail: geral@cnpd.pt).<\/p>\r\n<p style=\"text-align: justify;\">Updated On<br \/>24 August 2023<\/p>\r\n","protected":false},"excerpt":{"rendered":"<p>&nbsp; In accordance with the new General Data Protection Regulation  [&#8230;]<\/p>\n","protected":false},"author":1,"featured_media":0,"parent":0,"menu_order":0,"comment_status":"closed","ping_status":"closed","template":"","meta":{"_acf_changed":false,"footnotes":""},"class_list":["post-7370","page","type-page","status-publish","hentry"],"acf":[],"yoast_head":"<!-- This site is optimized with the Yoast SEO plugin v26.1.1 - https:\/\/yoast.com\/wordpress\/plugins\/seo\/ -->\n<title>PRIVACY POLICY - Centrocar (Portugal)<\/title>\n<meta name=\"robots\" content=\"index, follow, max-snippet:-1, max-image-preview:large, max-video-preview:-1\" \/>\n<link rel=\"canonical\" href=\"https:\/\/centrocar.com\/portugal\/en\/privacy-policy\/\" \/>\n<meta property=\"og:locale\" content=\"pt_PT\" \/>\n<meta property=\"og:type\" content=\"article\" \/>\n<meta property=\"og:title\" content=\"PRIVACY POLICY - Centrocar (Portugal)\" \/>\n<meta property=\"og:description\" content=\"&nbsp; In accordance with the new General Data Protection Regulation [...]\" \/>\n<meta property=\"og:url\" content=\"https:\/\/centrocar.com\/portugal\/en\/privacy-policy\/\" \/>\n<meta property=\"og:site_name\" content=\"Centrocar (Portugal)\" \/>\n<meta property=\"article:modified_time\" content=\"2023-10-30T11:39:39+00:00\" \/>\n<meta name=\"twitter:card\" content=\"summary_large_image\" \/>\n<meta name=\"twitter:label1\" content=\"Tempo estimado de leitura\" \/>\n\t<meta name=\"twitter:data1\" content=\"11 minutos\" \/>\n<script type=\"application\/ld+json\" class=\"yoast-schema-graph\">{\"@context\":\"https:\/\/schema.org\",\"@graph\":[{\"@type\":\"WebPage\",\"@id\":\"https:\/\/centrocar.com\/portugal\/en\/privacy-policy\/\",\"url\":\"https:\/\/centrocar.com\/portugal\/en\/privacy-policy\/\",\"name\":\"PRIVACY POLICY - Centrocar (Portugal)\",\"isPartOf\":{\"@id\":\"https:\/\/centrocar.com\/portugal\/#website\"},\"datePublished\":\"2023-01-30T14:58:58+00:00\",\"dateModified\":\"2023-10-30T11:39:39+00:00\",\"breadcrumb\":{\"@id\":\"https:\/\/centrocar.com\/portugal\/en\/privacy-policy\/#breadcrumb\"},\"inLanguage\":\"pt-PT\",\"potentialAction\":[{\"@type\":\"ReadAction\",\"target\":[\"https:\/\/centrocar.com\/portugal\/en\/privacy-policy\/\"]}]},{\"@type\":\"BreadcrumbList\",\"@id\":\"https:\/\/centrocar.com\/portugal\/en\/privacy-policy\/#breadcrumb\",\"itemListElement\":[{\"@type\":\"ListItem\",\"position\":1,\"name\":\"In\u00edcio\",\"item\":\"https:\/\/centrocar.com\/portugal\/\"},{\"@type\":\"ListItem\",\"position\":2,\"name\":\"PRIVACY POLICY\"}]},{\"@type\":\"WebSite\",\"@id\":\"https:\/\/centrocar.com\/portugal\/#website\",\"url\":\"https:\/\/centrocar.com\/portugal\/\",\"name\":\"Centrocar (Portugal)\",\"description\":\"\",\"potentialAction\":[{\"@type\":\"SearchAction\",\"target\":{\"@type\":\"EntryPoint\",\"urlTemplate\":\"https:\/\/centrocar.com\/portugal\/?s={search_term_string}\"},\"query-input\":{\"@type\":\"PropertyValueSpecification\",\"valueRequired\":true,\"valueName\":\"search_term_string\"}}],\"inLanguage\":\"pt-PT\"}]}<\/script>\n<!-- \/ Yoast SEO plugin. -->","yoast_head_json":{"title":"PRIVACY POLICY - Centrocar (Portugal)","robots":{"index":"index","follow":"follow","max-snippet":"max-snippet:-1","max-image-preview":"max-image-preview:large","max-video-preview":"max-video-preview:-1"},"canonical":"https:\/\/centrocar.com\/portugal\/en\/privacy-policy\/","og_locale":"pt_PT","og_type":"article","og_title":"PRIVACY POLICY - Centrocar (Portugal)","og_description":"&nbsp; In accordance with the new General Data Protection Regulation [...]","og_url":"https:\/\/centrocar.com\/portugal\/en\/privacy-policy\/","og_site_name":"Centrocar (Portugal)","article_modified_time":"2023-10-30T11:39:39+00:00","twitter_card":"summary_large_image","twitter_misc":{"Tempo estimado de leitura":"11 minutos"},"schema":{"@context":"https:\/\/schema.org","@graph":[{"@type":"WebPage","@id":"https:\/\/centrocar.com\/portugal\/en\/privacy-policy\/","url":"https:\/\/centrocar.com\/portugal\/en\/privacy-policy\/","name":"PRIVACY POLICY - Centrocar (Portugal)","isPartOf":{"@id":"https:\/\/centrocar.com\/portugal\/#website"},"datePublished":"2023-01-30T14:58:58+00:00","dateModified":"2023-10-30T11:39:39+00:00","breadcrumb":{"@id":"https:\/\/centrocar.com\/portugal\/en\/privacy-policy\/#breadcrumb"},"inLanguage":"pt-PT","potentialAction":[{"@type":"ReadAction","target":["https:\/\/centrocar.com\/portugal\/en\/privacy-policy\/"]}]},{"@type":"BreadcrumbList","@id":"https:\/\/centrocar.com\/portugal\/en\/privacy-policy\/#breadcrumb","itemListElement":[{"@type":"ListItem","position":1,"name":"In\u00edcio","item":"https:\/\/centrocar.com\/portugal\/"},{"@type":"ListItem","position":2,"name":"PRIVACY POLICY"}]},{"@type":"WebSite","@id":"https:\/\/centrocar.com\/portugal\/#website","url":"https:\/\/centrocar.com\/portugal\/","name":"Centrocar (Portugal)","description":"","potentialAction":[{"@type":"SearchAction","target":{"@type":"EntryPoint","urlTemplate":"https:\/\/centrocar.com\/portugal\/?s={search_term_string}"},"query-input":{"@type":"PropertyValueSpecification","valueRequired":true,"valueName":"search_term_string"}}],"inLanguage":"pt-PT"}]}},"_links":{"self":[{"href":"https:\/\/centrocar.com\/portugal\/wp-json\/wp\/v2\/pages\/7370","targetHints":{"allow":["GET"]}}],"collection":[{"href":"https:\/\/centrocar.com\/portugal\/wp-json\/wp\/v2\/pages"}],"about":[{"href":"https:\/\/centrocar.com\/portugal\/wp-json\/wp\/v2\/types\/page"}],"author":[{"embeddable":true,"href":"https:\/\/centrocar.com\/portugal\/wp-json\/wp\/v2\/users\/1"}],"replies":[{"embeddable":true,"href":"https:\/\/centrocar.com\/portugal\/wp-json\/wp\/v2\/comments?post=7370"}],"version-history":[{"count":1,"href":"https:\/\/centrocar.com\/portugal\/wp-json\/wp\/v2\/pages\/7370\/revisions"}],"predecessor-version":[{"id":7373,"href":"https:\/\/centrocar.com\/portugal\/wp-json\/wp\/v2\/pages\/7370\/revisions\/7373"}],"wp:attachment":[{"href":"https:\/\/centrocar.com\/portugal\/wp-json\/wp\/v2\/media?parent=7370"}],"curies":[{"name":"wp","href":"https:\/\/api.w.org\/{rel}","templated":true}]}}