{"id":8052,"date":"2023-02-13T15:30:39","date_gmt":"2023-02-13T15:30:39","guid":{"rendered":"https:\/\/centrocar.com\/portugal\/?page_id=8052"},"modified":"2026-03-16T12:41:19","modified_gmt":"2026-03-16T12:41:19","slug":"financiamento","status":"publish","type":"page","link":"https:\/\/centrocar.com\/portugal\/financiamento\/","title":{"rendered":"Financiamento"},"content":{"rendered":"<p><div class=\"fusion-fullwidth fullwidth-box fusion-builder-row-1 fusion-flex-container has-pattern-background has-mask-background nonhundred-percent-fullwidth non-hundred-percent-height-scrolling\" style=\"--awb-border-radius-top-left:0px;--awb-border-radius-top-right:0px;--awb-border-radius-bottom-right:0px;--awb-border-radius-bottom-left:0px;--awb-padding-top:30px;--awb-padding-bottom:30px;--awb-background-color:rgba(255,255,255,0);--awb-flex-wrap:wrap;\" ><div class=\"fusion-builder-row fusion-row fusion-flex-align-items-flex-start fusion-flex-content-wrap\" style=\"max-width:1318.4px;margin-left: calc(-3% \/ 2 );margin-right: calc(-3% \/ 2 );\"><div class=\"fusion-layout-column fusion_builder_column fusion-builder-column-0 fusion_builder_column_1_2 1_2 fusion-flex-column\" style=\"--awb-overflow:hidden;--awb-bg-size:cover;--awb-box-shadow:1px 1px 1px 0px var(--awb-color3);;--awb-border-radius:4px 4px 4px 4px;--awb-width-large:50%;--awb-margin-top-large:30px;--awb-spacing-right-large:2.91%;--awb-margin-bottom-large:30px;--awb-spacing-left-large:2.91%;--awb-width-medium:50%;--awb-order-medium:0;--awb-spacing-right-medium:2.91%;--awb-spacing-left-medium:2.91%;--awb-width-small:100%;--awb-order-small:0;--awb-spacing-right-small:1.455%;--awb-spacing-left-small:1.455%;\" data-scroll-devices=\"small-visibility,medium-visibility,large-visibility\"><div class=\"fusion-column-wrapper fusion-column-has-shadow fusion-flex-justify-content-flex-start fusion-content-layout-column\"><div class=\"fusion-image-element \" style=\"--awb-caption-title-font-family:var(--h2_typography-font-family);--awb-caption-title-font-weight:var(--h2_typography-font-weight);--awb-caption-title-font-style:var(--h2_typography-font-style);--awb-caption-title-size:var(--h2_typography-font-size);--awb-caption-title-transform:var(--h2_typography-text-transform);--awb-caption-title-line-height:var(--h2_typography-line-height);--awb-caption-title-letter-spacing:var(--h2_typography-letter-spacing);\"><span class=\" fusion-imageframe imageframe-none imageframe-1 hover-type-none\"><img decoding=\"async\" width=\"809\" height=\"550\" title=\"CAMPANHA_FINANCIAMENTO_GENERICA_WEBSITE_PT\" src=\"https:\/\/centrocar.com\/portugal\/wp-content\/uploads\/sites\/2\/2026\/03\/CAMPANHA_FINANCIAMENTO_GENERICA_WEBSITE_PT.jpg\" alt class=\"img-responsive wp-image-10601\" srcset=\"https:\/\/centrocar.com\/portugal\/wp-content\/uploads\/sites\/2\/2026\/03\/CAMPANHA_FINANCIAMENTO_GENERICA_WEBSITE_PT-200x136.jpg 200w, https:\/\/centrocar.com\/portugal\/wp-content\/uploads\/sites\/2\/2026\/03\/CAMPANHA_FINANCIAMENTO_GENERICA_WEBSITE_PT-400x272.jpg 400w, https:\/\/centrocar.com\/portugal\/wp-content\/uploads\/sites\/2\/2026\/03\/CAMPANHA_FINANCIAMENTO_GENERICA_WEBSITE_PT-600x408.jpg 600w, https:\/\/centrocar.com\/portugal\/wp-content\/uploads\/sites\/2\/2026\/03\/CAMPANHA_FINANCIAMENTO_GENERICA_WEBSITE_PT-800x544.jpg 800w, https:\/\/centrocar.com\/portugal\/wp-content\/uploads\/sites\/2\/2026\/03\/CAMPANHA_FINANCIAMENTO_GENERICA_WEBSITE_PT.jpg 809w\" sizes=\"(max-width: 640px) 100vw, 800px\" \/><\/span><\/div><\/div><\/div><div class=\"fusion-layout-column fusion_builder_column fusion-builder-column-1 fusion_builder_column_1_2 1_2 fusion-flex-column fusion-flex-align-self-flex-start\" style=\"--awb-bg-size:cover;--awb-width-large:50%;--awb-margin-top-large:30px;--awb-spacing-right-large:2.91%;--awb-margin-bottom-large:30px;--awb-spacing-left-large:2.91%;--awb-width-medium:50%;--awb-order-medium:0;--awb-spacing-right-medium:2.91%;--awb-spacing-left-medium:2.91%;--awb-width-small:100%;--awb-order-small:0;--awb-spacing-right-small:1.455%;--awb-spacing-left-small:1.455%;\" data-scroll-devices=\"small-visibility,medium-visibility,large-visibility\"><div class=\"fusion-column-wrapper fusion-column-has-shadow fusion-flex-justify-content-flex-start fusion-content-layout-column\"><div class=\"fusion-title title fusion-title-1 fusion-sep-none fusion-title-text fusion-title-size-four\" style=\"--awb-text-color:var(--awb-color4);--awb-margin-top:0px;--awb-margin-bottom:0px;\"><h4 class=\"fusion-title-heading title-heading-left\" style=\"margin:0;\"><h4 class=\"text-color\">FINANCIAMENTO<\/h4><\/h4><\/div><div class=\"fusion-title title fusion-title-2 fusion-sep-none fusion-title-text fusion-title-size-two\" style=\"--awb-margin-top:0px;--awb-margin-bottom:0px;\"><h2 class=\"fusion-title-heading title-heading-left\" style=\"margin:0;\"><h2>CAMPANHAS<\/h2><\/h2><\/div><div class=\"fusion-text fusion-text-1\" style=\"--awb-content-alignment:justify;\"><p>A Centrocar tem ao seu dispor um leque alargado de op\u00e7\u00f5es de financiamento, para que escolha a que melhor se adapta ao seu neg\u00f3cio.<\/p>\n<p>Temos protocolos com entidades banc\u00e1rias, para campanhas especiais, que nos permitem oferecer condi\u00e7\u00f5es muito competitivas face \u00e0s condi\u00e7\u00f5es de mercado.<\/p>\n<p>Entre em contacto connosco para conhecer as nossas solu\u00e7\u00f5es e deixe que n\u00f3s tratamos de todo o processo.<\/p>\n<\/div><div ><a class=\"fusion-button button-flat fusion-button-default-size button-default fusion-button-default button-1 fusion-button-default-span fusion-button-default-type\" target=\"_self\" href=\"#awb-open-oc__8434\"><span class=\"fusion-button-text awb-button__text awb-button__text--default\">Deseja mais informa\u00e7\u00e3o?<\/span><\/a><\/div><\/div><\/div><\/div><\/div><div class=\"fusion-fullwidth fullwidth-box fusion-builder-row-2 fusion-flex-container has-pattern-background has-mask-background nonhundred-percent-fullwidth non-hundred-percent-height-scrolling\" style=\"--link_color: rgba(17,41,75,0.7);--awb-background-position:center top;--awb-background-repeat:repeat-x;--awb-border-sizes-top:0px;--awb-border-sizes-bottom:0px;--awb-border-sizes-left:0px;--awb-border-sizes-right:0px;--awb-border-radius-top-left:0px;--awb-border-radius-top-right:0px;--awb-border-radius-bottom-right:0px;--awb-border-radius-bottom-left:0px;--awb-padding-top:60px;--awb-padding-right:30px;--awb-padding-bottom:60px;--awb-padding-left:30px;--awb-padding-top-medium:60px;--awb-padding-bottom-medium:60px;--awb-margin-top:-2px;--awb-margin-bottom:0px;--awb-background-color:#ffffff;--awb-flex-wrap:wrap;\" ><div class=\"fusion-builder-row fusion-row fusion-flex-align-items-center fusion-flex-content-wrap\" style=\"max-width:calc( 1280px + 30px );margin-left: calc(-30px \/ 2 );margin-right: calc(-30px \/ 2 );\"><div class=\"fusion-layout-column fusion_builder_column fusion-builder-column-2 fusion_builder_column_1_3 1_3 fusion-flex-column\" style=\"--awb-padding-top:40px;--awb-padding-right:40px;--awb-padding-bottom:40px;--awb-padding-left:40px;--awb-bg-size:cover;--awb-border-color:rgba(17,41,75,0.5);--awb-border-top:1px;--awb-border-right:1px;--awb-border-bottom:1px;--awb-border-left:1px;--awb-border-style:solid;--awb-transform:scaleX(1) scaleY(1);--awb-transform-hover:scaleX(1.1) scaleY(1.1);--awb-width-large:33.333333333333%;--awb-margin-top-large:0px;--awb-spacing-right-large:calc( 0.06 * calc( 100% - 30px ) );--awb-margin-bottom-large:0px;--awb-spacing-left-large:15px;--awb-width-medium:33.333333333333%;--awb-spacing-right-medium:calc( 0.06 * calc( 100% - 30px ) );--awb-spacing-left-medium:15px;--awb-width-small:100%;--awb-spacing-right-small:15px;--awb-margin-bottom-small:30px;--awb-spacing-left-small:15px;\"><div class=\"fusion-column-wrapper fusion-column-has-shadow fusion-flex-justify-content-flex-start fusion-content-layout-column\"><div class=\"fusion-text fusion-text-2 fusion-text-no-margin\" style=\"--awb-text-color:var(--awb-color4);\"><p>Renting<\/p>\n<\/div><div class=\"fusion-title title fusion-title-3 fusion-sep-none fusion-title-text fusion-title-size-three\" style=\"--awb-text-color:#10284a;\"><h3 class=\"fusion-title-heading title-heading-left\" style=\"margin:0;\">Loca\u00e7\u00e3o Operacional<\/h3><\/div><div class=\"fusion-separator fusion-full-width-sep\" style=\"align-self: center;margin-left: auto;margin-right: auto;margin-bottom:20px;width:100%;\"><div class=\"fusion-separator-border sep-single sep-solid\" style=\"--awb-height:20px;--awb-amount:20px;--awb-sep-color:rgba(17,41,75,0.5);border-color:rgba(17,41,75,0.5);border-top-width:1px;\"><\/div><\/div><ul style=\"--awb-size:13px;--awb-iconcolor:#ffffff;--awb-textcolor:#10284a;--awb-line-height:22.1px;--awb-icon-width:22.1px;--awb-icon-height:22.1px;--awb-icon-margin:9.1px;--awb-content-margin:31.2px;--awb-circlecolor:var(--awb-color4);--awb-circle-yes-font-size:11.44px;\" class=\"fusion-checklist fusion-checklist-1 fusion-checklist-default type-icons\"><li class=\"fusion-li-item\" style=\"\"><span class=\"icon-wrapper circle-yes\"><i class=\"fusion-li-icon awb-icon-check\" aria-hidden=\"true\"><\/i><\/span><div class=\"fusion-li-item-content\">\n<p>Rendas fixas durante o contrato;<\/p>\n<\/div><\/li><li class=\"fusion-li-item\" style=\"\"><span class=\"icon-wrapper circle-yes\"><i class=\"fusion-li-icon awb-icon-check\" aria-hidden=\"true\"><\/i><\/span><div class=\"fusion-li-item-content\">\n<p>Com contrato de assist\u00eancia inclu\u00eddo;<\/p>\n<\/div><\/li><li class=\"fusion-li-item\" style=\"\"><span class=\"icon-wrapper circle-yes\"><i class=\"fusion-li-icon awb-icon-check\" aria-hidden=\"true\"><\/i><\/span><div class=\"fusion-li-item-content\">\n<p>Dispon\u00edvel para v\u00e1rios per\u00edodos;<\/p>\n<\/div><\/li><li class=\"fusion-li-item\" style=\"\"><span class=\"icon-wrapper circle-yes\"><i class=\"fusion-li-icon awb-icon-check\" aria-hidden=\"true\"><\/i><\/span><div class=\"fusion-li-item-content\">\n<p>Equipamento novo;<\/p>\n<\/div><\/li><\/ul><\/div><\/div><div class=\"fusion-layout-column fusion_builder_column fusion-builder-column-3 fusion_builder_column_1_3 1_3 fusion-flex-column\" style=\"--awb-padding-top:40px;--awb-padding-right:40px;--awb-padding-bottom:40px;--awb-padding-left:40px;--awb-bg-color:var(--awb-color5);--awb-bg-color-hover:var(--awb-color5);--awb-bg-size:cover;--awb-border-color:var(--awb-color5);--awb-border-top:1px;--awb-border-right:1px;--awb-border-bottom:1px;--awb-border-left:1px;--awb-border-style:solid;--awb-transform:scaleX(1.1) scaleY(1.1);--awb-transform-hover:scaleX(1.2) scaleY(1.2);--awb-width-large:33.333333333333%;--awb-margin-top-large:0px;--awb-spacing-right-large:calc( 0.06 * calc( 100% - 30px ) );--awb-margin-bottom-large:0px;--awb-spacing-left-large:calc( 0.06 * calc( 100% - 30px ) );--awb-width-medium:33.333333333333%;--awb-order-medium:0;--awb-spacing-right-medium:calc( 0.06 * calc( 100% - 30px ) );--awb-spacing-left-medium:calc( 0.06 * calc( 100% - 30px ) );--awb-width-small:100%;--awb-order-small:0;--awb-spacing-right-small:15px;--awb-margin-bottom-small:30px;--awb-spacing-left-small:15px;\" data-scroll-devices=\"small-visibility,medium-visibility,large-visibility\"><div class=\"fusion-column-wrapper fusion-column-has-shadow fusion-flex-justify-content-flex-start fusion-content-layout-column\"><div class=\"fusion-text fusion-text-3 fusion-text-no-margin\" style=\"--awb-text-color:#ffffff;\"><p>Leasing<\/p>\n<\/div><div class=\"fusion-title title fusion-title-4 fusion-sep-none fusion-title-text fusion-title-size-three\" style=\"--awb-text-color:#ffffff;\"><h3 class=\"fusion-title-heading title-heading-left\" style=\"margin:0;\">Loca\u00e7\u00e3o Financeira<\/h3><\/div><div class=\"fusion-separator fusion-full-width-sep\" style=\"align-self: center;margin-left: auto;margin-right: auto;margin-bottom:20px;width:100%;\"><div class=\"fusion-separator-border sep-single sep-solid\" style=\"--awb-height:20px;--awb-amount:20px;--awb-sep-color:rgba(255,255,255,0.5);border-color:rgba(255,255,255,0.5);border-top-width:1px;\"><\/div><\/div><div class=\"fusion-text fusion-text-4 fusion-text-no-margin\" style=\"--awb-text-color:#ffffff;--awb-margin-bottom:0px;\"><p><strong>Campanhas especiais trimestrais<\/strong><\/p>\n<\/div><ul style=\"--awb-size:13px;--awb-iconcolor:#ffffff;--awb-textcolor:#ffffff;--awb-line-height:22.1px;--awb-icon-width:22.1px;--awb-icon-height:22.1px;--awb-icon-margin:9.1px;--awb-content-margin:31.2px;--awb-circlecolor:var(--awb-color4);--awb-circle-yes-font-size:11.44px;\" class=\"fusion-checklist fusion-checklist-2 fusion-checklist-default type-icons\"><li class=\"fusion-li-item\" style=\"\"><span class=\"icon-wrapper circle-yes\"><i class=\"fusion-li-icon awb-icon-check\" aria-hidden=\"true\"><\/i><\/span><div class=\"fusion-li-item-content\">\n<p>Taxa Fixa;<\/p>\n<\/div><\/li><li class=\"fusion-li-item\" style=\"\"><span class=\"icon-wrapper circle-yes\"><i class=\"fusion-li-icon awb-icon-check\" aria-hidden=\"true\"><\/i><\/span><div class=\"fusion-li-item-content\">\n<p>Financiamento desde 24 a 72 meses;<\/p>\n<\/div><\/li><li class=\"fusion-li-item\" style=\"\"><span class=\"icon-wrapper circle-yes\"><i class=\"fusion-li-icon awb-icon-check\" aria-hidden=\"true\"><\/i><\/span><div class=\"fusion-li-item-content\">\n<p>Equipamento novo;<\/p>\n<\/div><\/li><\/ul><div class=\"fusion-text fusion-text-5 fusion-text-no-margin\" style=\"--awb-text-color:#ffffff;--awb-margin-bottom:0px;\"><p><strong>Outras solu\u00e7\u00f5es<\/strong><\/p>\n<\/div><ul style=\"--awb-size:13px;--awb-iconcolor:#ffffff;--awb-textcolor:#ffffff;--awb-line-height:22.1px;--awb-icon-width:22.1px;--awb-icon-height:22.1px;--awb-icon-margin:9.1px;--awb-content-margin:31.2px;--awb-circlecolor:var(--awb-color4);--awb-circle-yes-font-size:11.44px;\" class=\"fusion-checklist fusion-checklist-3 fusion-checklist-default type-icons\"><li class=\"fusion-li-item\" style=\"\"><span class=\"icon-wrapper circle-yes\"><i class=\"fusion-li-icon awb-icon-check\" aria-hidden=\"true\"><\/i><\/span><div class=\"fusion-li-item-content\">\n<p>Taxa Fixa ou Vari\u00e1vel;<\/p>\n<\/div><\/li><li class=\"fusion-li-item\" style=\"\"><span class=\"icon-wrapper circle-yes\"><i class=\"fusion-li-icon awb-icon-check\" aria-hidden=\"true\"><\/i><\/span><div class=\"fusion-li-item-content\">\n<p>Dispon\u00edvel para v\u00e1rios per\u00edodos;<\/p>\n<\/div><\/li><li class=\"fusion-li-item\" style=\"\"><span class=\"icon-wrapper circle-yes\"><i class=\"fusion-li-icon awb-icon-check\" aria-hidden=\"true\"><\/i><\/span><div class=\"fusion-li-item-content\">\n<p>Equipamento novo e usado;<\/p>\n<\/div><\/li><\/ul><\/div><\/div><div class=\"fusion-layout-column fusion_builder_column fusion-builder-column-4 fusion_builder_column_1_3 1_3 fusion-flex-column\" style=\"--awb-padding-top:40px;--awb-padding-right:40px;--awb-padding-bottom:40px;--awb-padding-left:40px;--awb-bg-size:cover;--awb-border-color:rgba(17,41,75,0.5);--awb-border-top:1px;--awb-border-right:1px;--awb-border-bottom:1px;--awb-border-left:1px;--awb-border-style:solid;--awb-transform:scaleX(1) scaleY(1);--awb-transform-hover:scaleX(1.1) scaleY(1.1);--awb-width-large:33.333333333333%;--awb-margin-top-large:0px;--awb-spacing-right-large:15px;--awb-margin-bottom-large:0px;--awb-spacing-left-large:calc( 0.06 * calc( 100% - 30px ) );--awb-width-medium:33.333333333333%;--awb-spacing-right-medium:15px;--awb-spacing-left-medium:calc( 0.06 * calc( 100% - 30px ) );--awb-width-small:100%;--awb-spacing-right-small:15px;--awb-spacing-left-small:15px;\"><div class=\"fusion-column-wrapper fusion-column-has-shadow fusion-flex-justify-content-flex-start fusion-content-layout-column\"><div class=\"fusion-text fusion-text-6 fusion-text-no-margin\" style=\"--awb-text-color:var(--awb-color4);\"><p>Empr\u00e9stimo<\/p>\n<\/div><div class=\"fusion-title title fusion-title-5 fusion-sep-none fusion-title-text fusion-title-size-three\" style=\"--awb-text-color:#10284a;\"><h3 class=\"fusion-title-heading title-heading-left\" style=\"margin:0;\">M\u00fatuo<\/h3><\/div><div class=\"fusion-separator fusion-full-width-sep\" style=\"align-self: center;margin-left: auto;margin-right: auto;margin-bottom:20px;width:100%;\"><div class=\"fusion-separator-border sep-single sep-solid\" style=\"--awb-height:20px;--awb-amount:20px;--awb-sep-color:rgba(17,41,75,0.5);border-color:rgba(17,41,75,0.5);border-top-width:1px;\"><\/div><\/div><ul style=\"--awb-size:13px;--awb-iconcolor:#ffffff;--awb-textcolor:#10284a;--awb-line-height:22.1px;--awb-icon-width:22.1px;--awb-icon-height:22.1px;--awb-icon-margin:9.1px;--awb-content-margin:31.2px;--awb-circlecolor:var(--awb-color4);--awb-circle-yes-font-size:11.44px;\" class=\"fusion-checklist fusion-checklist-4 fusion-checklist-default type-icons\"><li class=\"fusion-li-item\" style=\"\"><span class=\"icon-wrapper circle-yes\"><i class=\"fusion-li-icon awb-icon-check\" aria-hidden=\"true\"><\/i><\/span><div class=\"fusion-li-item-content\">\n<p>Equipamento novo e usado;<\/p>\n<\/div><\/li><li class=\"fusion-li-item\" style=\"\"><span class=\"icon-wrapper circle-yes\"><i class=\"fusion-li-icon awb-icon-check\" aria-hidden=\"true\"><\/i><\/span><div class=\"fusion-li-item-content\">\n<p>Dispon\u00edvel para v\u00e1rios per\u00edodos;<\/p>\n<\/div><\/li><li class=\"fusion-li-item\" style=\"\"><span class=\"icon-wrapper circle-yes\"><i class=\"fusion-li-icon awb-icon-check\" aria-hidden=\"true\"><\/i><\/span><div class=\"fusion-li-item-content\">\n<p>O valor do IVA n\u00e3o \u00e9 financiado;<\/p>\n<\/div><\/li><\/ul><\/div><\/div><\/div><\/div><div class=\"fusion-fullwidth fullwidth-box fusion-builder-row-3 fusion-flex-container has-pattern-background has-mask-background nonhundred-percent-fullwidth non-hundred-percent-height-scrolling\" style=\"--awb-border-radius-top-left:0px;--awb-border-radius-top-right:0px;--awb-border-radius-bottom-right:0px;--awb-border-radius-bottom-left:0px;--awb-background-color:var(--awb-color1);--awb-flex-wrap:wrap;\" ><div class=\"fusion-builder-row fusion-row fusion-flex-align-items-flex-start fusion-flex-content-wrap\" style=\"max-width:1318.4px;margin-left: calc(-3% \/ 2 );margin-right: calc(-3% \/ 2 );\"><div class=\"fusion-layout-column fusion_builder_column fusion-builder-column-5 fusion_builder_column_1_1 1_1 fusion-flex-column\" style=\"--awb-bg-size:cover;--awb-width-large:100%;--awb-margin-top-large:0px;--awb-spacing-right-large:1.455%;--awb-margin-bottom-large:20px;--awb-spacing-left-large:1.455%;--awb-width-medium:100%;--awb-order-medium:0;--awb-spacing-right-medium:1.455%;--awb-spacing-left-medium:1.455%;--awb-width-small:100%;--awb-order-small:0;--awb-spacing-right-small:1.455%;--awb-spacing-left-small:1.455%;\"><div class=\"fusion-column-wrapper fusion-column-has-shadow fusion-flex-justify-content-flex-start fusion-content-layout-column\"><div class=\"fusion-text fusion-text-7\"><p><strong>Observa\u00e7\u00e3o:<\/strong> a decis\u00e3o de aprova\u00e7\u00e3o da opera\u00e7\u00e3o \u00e9 da responsabilidade das entidades financeiras.<\/p>\n<\/div><\/div><\/div><\/div><\/div><\/p>\n","protected":false},"excerpt":{"rendered":"","protected":false},"author":1,"featured_media":0,"parent":0,"menu_order":0,"comment_status":"closed","ping_status":"closed","template":"100-width.php","meta":{"_acf_changed":false,"footnotes":""},"class_list":["post-8052","page","type-page","status-publish","hentry"],"acf":[],"yoast_head":"<!-- This site is optimized with the Yoast SEO plugin v26.1.1 - https:\/\/yoast.com\/wordpress\/plugins\/seo\/ -->\n<title>Financiamento - Centrocar (Portugal)<\/title>\n<meta name=\"robots\" content=\"index, follow, max-snippet:-1, max-image-preview:large, max-video-preview:-1\" \/>\n<link rel=\"canonical\" href=\"https:\/\/centrocar.com\/portugal\/financiamento\/\" \/>\n<meta property=\"og:locale\" content=\"pt_PT\" \/>\n<meta property=\"og:type\" content=\"article\" \/>\n<meta property=\"og:title\" content=\"Financiamento - Centrocar (Portugal)\" \/>\n<meta property=\"og:url\" content=\"https:\/\/centrocar.com\/portugal\/financiamento\/\" \/>\n<meta property=\"og:site_name\" content=\"Centrocar (Portugal)\" \/>\n<meta property=\"article:modified_time\" content=\"2026-03-16T12:41:19+00:00\" \/>\n<meta name=\"twitter:card\" content=\"summary_large_image\" \/>\n<meta name=\"twitter:label1\" content=\"Tempo estimado de leitura\" \/>\n\t<meta name=\"twitter:data1\" content=\"2 minutos\" \/>\n<script type=\"application\/ld+json\" class=\"yoast-schema-graph\">{\"@context\":\"https:\/\/schema.org\",\"@graph\":[{\"@type\":\"WebPage\",\"@id\":\"https:\/\/centrocar.com\/portugal\/financiamento\/\",\"url\":\"https:\/\/centrocar.com\/portugal\/financiamento\/\",\"name\":\"Financiamento - Centrocar (Portugal)\",\"isPartOf\":{\"@id\":\"https:\/\/centrocar.com\/portugal\/#website\"},\"datePublished\":\"2023-02-13T15:30:39+00:00\",\"dateModified\":\"2026-03-16T12:41:19+00:00\",\"breadcrumb\":{\"@id\":\"https:\/\/centrocar.com\/portugal\/financiamento\/#breadcrumb\"},\"inLanguage\":\"pt-PT\",\"potentialAction\":[{\"@type\":\"ReadAction\",\"target\":[\"https:\/\/centrocar.com\/portugal\/financiamento\/\"]}]},{\"@type\":\"BreadcrumbList\",\"@id\":\"https:\/\/centrocar.com\/portugal\/financiamento\/#breadcrumb\",\"itemListElement\":[{\"@type\":\"ListItem\",\"position\":1,\"name\":\"In\u00edcio\",\"item\":\"https:\/\/centrocar.com\/portugal\/\"},{\"@type\":\"ListItem\",\"position\":2,\"name\":\"Financiamento\"}]},{\"@type\":\"WebSite\",\"@id\":\"https:\/\/centrocar.com\/portugal\/#website\",\"url\":\"https:\/\/centrocar.com\/portugal\/\",\"name\":\"Centrocar (Portugal)\",\"description\":\"\",\"potentialAction\":[{\"@type\":\"SearchAction\",\"target\":{\"@type\":\"EntryPoint\",\"urlTemplate\":\"https:\/\/centrocar.com\/portugal\/?s={search_term_string}\"},\"query-input\":{\"@type\":\"PropertyValueSpecification\",\"valueRequired\":true,\"valueName\":\"search_term_string\"}}],\"inLanguage\":\"pt-PT\"}]}<\/script>\n<!-- \/ Yoast SEO plugin. -->","yoast_head_json":{"title":"Financiamento - Centrocar (Portugal)","robots":{"index":"index","follow":"follow","max-snippet":"max-snippet:-1","max-image-preview":"max-image-preview:large","max-video-preview":"max-video-preview:-1"},"canonical":"https:\/\/centrocar.com\/portugal\/financiamento\/","og_locale":"pt_PT","og_type":"article","og_title":"Financiamento - Centrocar (Portugal)","og_url":"https:\/\/centrocar.com\/portugal\/financiamento\/","og_site_name":"Centrocar (Portugal)","article_modified_time":"2026-03-16T12:41:19+00:00","twitter_card":"summary_large_image","twitter_misc":{"Tempo estimado de leitura":"2 minutos"},"schema":{"@context":"https:\/\/schema.org","@graph":[{"@type":"WebPage","@id":"https:\/\/centrocar.com\/portugal\/financiamento\/","url":"https:\/\/centrocar.com\/portugal\/financiamento\/","name":"Financiamento - Centrocar (Portugal)","isPartOf":{"@id":"https:\/\/centrocar.com\/portugal\/#website"},"datePublished":"2023-02-13T15:30:39+00:00","dateModified":"2026-03-16T12:41:19+00:00","breadcrumb":{"@id":"https:\/\/centrocar.com\/portugal\/financiamento\/#breadcrumb"},"inLanguage":"pt-PT","potentialAction":[{"@type":"ReadAction","target":["https:\/\/centrocar.com\/portugal\/financiamento\/"]}]},{"@type":"BreadcrumbList","@id":"https:\/\/centrocar.com\/portugal\/financiamento\/#breadcrumb","itemListElement":[{"@type":"ListItem","position":1,"name":"In\u00edcio","item":"https:\/\/centrocar.com\/portugal\/"},{"@type":"ListItem","position":2,"name":"Financiamento"}]},{"@type":"WebSite","@id":"https:\/\/centrocar.com\/portugal\/#website","url":"https:\/\/centrocar.com\/portugal\/","name":"Centrocar (Portugal)","description":"","potentialAction":[{"@type":"SearchAction","target":{"@type":"EntryPoint","urlTemplate":"https:\/\/centrocar.com\/portugal\/?s={search_term_string}"},"query-input":{"@type":"PropertyValueSpecification","valueRequired":true,"valueName":"search_term_string"}}],"inLanguage":"pt-PT"}]}},"_links":{"self":[{"href":"https:\/\/centrocar.com\/portugal\/wp-json\/wp\/v2\/pages\/8052","targetHints":{"allow":["GET"]}}],"collection":[{"href":"https:\/\/centrocar.com\/portugal\/wp-json\/wp\/v2\/pages"}],"about":[{"href":"https:\/\/centrocar.com\/portugal\/wp-json\/wp\/v2\/types\/page"}],"author":[{"embeddable":true,"href":"https:\/\/centrocar.com\/portugal\/wp-json\/wp\/v2\/users\/1"}],"replies":[{"embeddable":true,"href":"https:\/\/centrocar.com\/portugal\/wp-json\/wp\/v2\/comments?post=8052"}],"version-history":[{"count":67,"href":"https:\/\/centrocar.com\/portugal\/wp-json\/wp\/v2\/pages\/8052\/revisions"}],"predecessor-version":[{"id":10602,"href":"https:\/\/centrocar.com\/portugal\/wp-json\/wp\/v2\/pages\/8052\/revisions\/10602"}],"wp:attachment":[{"href":"https:\/\/centrocar.com\/portugal\/wp-json\/wp\/v2\/media?parent=8052"}],"curies":[{"name":"wp","href":"https:\/\/api.w.org\/{rel}","templated":true}]}}