{"id":7367,"date":"2023-01-24T15:54:27","date_gmt":"2023-01-24T15:54:27","guid":{"rendered":"https:\/\/centrocar.com\/?page_id=1809"},"modified":"2023-01-24T15:54:27","modified_gmt":"2023-01-24T15:54:27","slug":"politica-de-cookies","status":"publish","type":"page","link":"https:\/\/centrocar.com\/spain\/politica-de-cookies\/","title":{"rendered":"Pol\u00edtica de cookies"},"content":{"rendered":"<p>&nbsp;<\/p>\n<p style=\"text-align: justify\">Um cookie \u00e9 um ficheiro de dados gerado por um website e guardado pelo seu browser. Os cookies ajudam a determinar a utilidade, o interesse e o n\u00famero de usos dos sites, permite aos utilizadores navegar de forma mais r\u00e1pida e eficiente e elimina a necessidade de inserir as mesmas informa\u00e7\u00f5es repetidamente. A \u00fanica informa\u00e7\u00e3o pessoal que um cookie pode conter \u00e9 aquela que for fornecida pelo utilizador\/titular dos dados. Um cookie n\u00e3o pode ler dados do seu disco r\u00edgido ou ler outros cookies criados por outros web sites.<\/p>\n<p><strong>Existem 2 categorias de Cookies:<\/strong><\/p>\n<ul>\n<li>sess\u00e3o: automaticamente exclu\u00eddas quando o usu\u00e1rio fecha seu navegador;<\/li>\n<li>persistente: permanece armazenado no dispositivo terminal do usu\u00e1rio at\u00e9 atingir uma data de validade definida;<\/li>\n<\/ul>\n<p>Os tipos de cookies que est\u00e3o em uso neste site s\u00e3o os seguintes:<\/p>\n<ul>\n<li style=\"text-align: justify\"><strong>Estritamente necess\u00e1rios<\/strong><br \/>\nHabilite a navega\u00e7\u00e3o do site e o uso de suas aplica\u00e7\u00f5es, como acesso a \u00e1reas seguras do site e n\u00e3o pode ser desligado em nossos sistemas. Geralmente, eles s\u00e3o configurados apenas em resposta a a\u00e7\u00f5es feitas pelo utilizador que correspondem a um pedido de servi\u00e7os, como definir suas prefer\u00eancias de privacidade, fazer login ou preencher formul\u00e1rios. O utilizador pode configurar seu browser para bloque\u00e1-lo ou alert\u00e1-lo sobre esses cookies, mas algumas partes do site n\u00e3o funcionar\u00e3o. Esses cookies n\u00e3o armazenam nenhuma informa\u00e7\u00e3o de identifica\u00e7\u00e3o pessoal.<\/li>\n<li style=\"text-align: justify\"><strong>Desempenho<\/strong><br \/>\nUtilizado para analisar como os utilizadores usam o site e monitorar seu desempenho. Por exemplo, para identificar quais p\u00e1ginas s\u00e3o as mais populares, para identificar o m\u00e9todo mais eficaz de liga\u00e7\u00e3o entre p\u00e1ginas ou para determinar a taxa de mensagens de erro em determinadas p\u00e1ginas. Todas as informa\u00e7\u00f5es recolhidas por esses cookies s\u00e3o agregadas e, portanto, an\u00f3nimas. Se voc\u00ea n\u00e3o permitir esses cookies, n\u00e3o saberemos quando voc\u00ea visitou nosso site e n\u00e3o poder\u00e1 monitorar seu desempenho<\/li>\n<li style=\"text-align: justify\"><strong>Funcionalidade<\/strong><br \/>\nArmazena as prefer\u00eancias do utilizador para um site espec\u00edfico para que o site n\u00e3o necessite ser reconfigurado com cada visita. Esses cookies podem ser definidos por n\u00f3s ou por provedores de terceiros cujos servi\u00e7os adicionamos \u00e0s nossas p\u00e1ginas. Se n\u00e3o permitir esses cookies, alguns ou todos esses servi\u00e7os podem n\u00e3o funcionar correctamente.<\/li>\n<li style=\"text-align: justify\"><strong>De Terceiros<\/strong><br \/>\nMedem o sucesso das aplica\u00e7\u00f5es e a efic\u00e1cia da publicidade de terceiros. Eles podem ser usados por essas entidades para criar um perfil de seus interesses e mostrar an\u00fancios relevantes em outros sites.<\/li>\n<\/ul>\n<p style=\"text-align: justify\">Eles n\u00e3o armazenam diretamente informa\u00e7\u00f5es pessoais, mas s\u00e3o baseados em identificar de forma exclusiva seu navegador e dispositivo de internet. Se n\u00e3o permitir esses cookies, experimentar\u00e1 publicidade menos segmentada.<\/p>\n<p style=\"text-align: justify\">Mesmo depois de aceitar cookies, os usu\u00e1rios sempre podem desativar alguns ou todos os nossos cookies. Para verificar a vers\u00e3o do seu navegador e as instru\u00e7\u00f5es correspondentes clicando no link aboutcookies.org<\/p>\n<h4>GOOGLE ANALYTICS<\/h4>\n<p style=\"text-align: justify\">Este site usa o Google Analytics, um servi\u00e7o de an\u00e1lise web fornecido pelo Google, para entender melhor o seu uso de nossos sites e servi\u00e7os. O Google Analytics recolhe informa\u00e7\u00f5es, como a frequ\u00eancia com que os usu\u00e1rios visitam os sites, quais p\u00e1ginas visitam e quais outros sites eles usaram antes da visita. O Google usa os dados recolhidos para rastrear e examinar o uso dos sites, preparar relat\u00f3rios sobre suas actividades e compartilh\u00e1-las com outros servi\u00e7os do Google. O Google pode usar os dados recolhidos nos sites para contextualizar e personalizar os an\u00fancios de sua pr\u00f3pria rede de publicidade. O anonimato de IP foi activado neste site, de modo que o endere\u00e7o IP dos usu\u00e1rios do Google nos Estados Membros da Uni\u00e3o Europeia ou em outros Estados contratantes do Acordo sobre o Espa\u00e7o Econ\u00f3mico Europeu seja abreviado de antem\u00e3o. Somente em casos excepcionais, o endere\u00e7o IP completo ser\u00e1 enviado para um servidor do Google nos EUA e encurtado l\u00e1.<\/p>\n<p style=\"text-align: justify\">A capacidade do Google para usar e compartilhar informa\u00e7\u00f5es coletadas pelo Google Analytics sobre suas visitas aos sites \u00e9 restrita pelos Termos de Uso do Google Analytics e pela Pol\u00edtica de Privacidade do Google.<\/p>\n<p>Atualizado Em<br \/>\n24 de Agosto de 2023<\/p>\n","protected":false},"excerpt":{"rendered":"<p>&nbsp; Um cookie \u00e9 um ficheiro de dados gerado por  [&#8230;]<\/p>\n","protected":false},"author":1,"featured_media":0,"parent":0,"menu_order":0,"comment_status":"closed","ping_status":"closed","template":"","meta":{"_acf_changed":false,"footnotes":""},"class_list":["post-7367","page","type-page","status-publish","hentry"],"acf":[],"yoast_head":"<!-- This site is optimized with the Yoast SEO plugin v26.1.1 - https:\/\/yoast.com\/wordpress\/plugins\/seo\/ -->\n<title>Pol\u00edtica de cookies - Centrocar (Spain)<\/title>\n<meta name=\"robots\" content=\"index, follow, max-snippet:-1, max-image-preview:large, max-video-preview:-1\" \/>\n<link rel=\"canonical\" href=\"https:\/\/centrocar.com\/spain\/politica-de-cookies\/\" \/>\n<meta property=\"og:locale\" content=\"pt_PT\" \/>\n<meta property=\"og:type\" content=\"article\" \/>\n<meta property=\"og:title\" content=\"Pol\u00edtica de cookies - Centrocar (Spain)\" \/>\n<meta property=\"og:description\" content=\"&nbsp; Um cookie \u00e9 um ficheiro de dados gerado por [...]\" \/>\n<meta property=\"og:url\" content=\"https:\/\/centrocar.com\/spain\/politica-de-cookies\/\" \/>\n<meta property=\"og:site_name\" content=\"Centrocar (Spain)\" \/>\n<meta name=\"twitter:card\" content=\"summary_large_image\" \/>\n<meta name=\"twitter:label1\" content=\"Tempo estimado de leitura\" \/>\n\t<meta name=\"twitter:data1\" content=\"4 minutos\" \/>\n<script type=\"application\/ld+json\" class=\"yoast-schema-graph\">{\"@context\":\"https:\/\/schema.org\",\"@graph\":[{\"@type\":\"WebPage\",\"@id\":\"https:\/\/centrocar.com\/spain\/politica-de-cookies\/\",\"url\":\"https:\/\/centrocar.com\/spain\/politica-de-cookies\/\",\"name\":\"Pol\u00edtica de cookies - Centrocar (Spain)\",\"isPartOf\":{\"@id\":\"https:\/\/centrocar.com\/spain\/#website\"},\"datePublished\":\"2023-01-24T15:54:27+00:00\",\"breadcrumb\":{\"@id\":\"https:\/\/centrocar.com\/spain\/politica-de-cookies\/#breadcrumb\"},\"inLanguage\":\"pt-PT\",\"potentialAction\":[{\"@type\":\"ReadAction\",\"target\":[\"https:\/\/centrocar.com\/spain\/politica-de-cookies\/\"]}]},{\"@type\":\"BreadcrumbList\",\"@id\":\"https:\/\/centrocar.com\/spain\/politica-de-cookies\/#breadcrumb\",\"itemListElement\":[{\"@type\":\"ListItem\",\"position\":1,\"name\":\"In\u00edcio\",\"item\":\"https:\/\/centrocar.com\/spain\/\"},{\"@type\":\"ListItem\",\"position\":2,\"name\":\"Pol\u00edtica de cookies\"}]},{\"@type\":\"WebSite\",\"@id\":\"https:\/\/centrocar.com\/spain\/#website\",\"url\":\"https:\/\/centrocar.com\/spain\/\",\"name\":\"Centrocar (Spain)\",\"description\":\"\",\"potentialAction\":[{\"@type\":\"SearchAction\",\"target\":{\"@type\":\"EntryPoint\",\"urlTemplate\":\"https:\/\/centrocar.com\/spain\/?s={search_term_string}\"},\"query-input\":{\"@type\":\"PropertyValueSpecification\",\"valueRequired\":true,\"valueName\":\"search_term_string\"}}],\"inLanguage\":\"pt-PT\"}]}<\/script>\n<!-- \/ Yoast SEO plugin. -->","yoast_head_json":{"title":"Pol\u00edtica de cookies - Centrocar (Spain)","robots":{"index":"index","follow":"follow","max-snippet":"max-snippet:-1","max-image-preview":"max-image-preview:large","max-video-preview":"max-video-preview:-1"},"canonical":"https:\/\/centrocar.com\/spain\/politica-de-cookies\/","og_locale":"pt_PT","og_type":"article","og_title":"Pol\u00edtica de cookies - Centrocar (Spain)","og_description":"&nbsp; Um cookie \u00e9 um ficheiro de dados gerado por [...]","og_url":"https:\/\/centrocar.com\/spain\/politica-de-cookies\/","og_site_name":"Centrocar (Spain)","twitter_card":"summary_large_image","twitter_misc":{"Tempo estimado de leitura":"4 minutos"},"schema":{"@context":"https:\/\/schema.org","@graph":[{"@type":"WebPage","@id":"https:\/\/centrocar.com\/spain\/politica-de-cookies\/","url":"https:\/\/centrocar.com\/spain\/politica-de-cookies\/","name":"Pol\u00edtica de cookies - Centrocar (Spain)","isPartOf":{"@id":"https:\/\/centrocar.com\/spain\/#website"},"datePublished":"2023-01-24T15:54:27+00:00","breadcrumb":{"@id":"https:\/\/centrocar.com\/spain\/politica-de-cookies\/#breadcrumb"},"inLanguage":"pt-PT","potentialAction":[{"@type":"ReadAction","target":["https:\/\/centrocar.com\/spain\/politica-de-cookies\/"]}]},{"@type":"BreadcrumbList","@id":"https:\/\/centrocar.com\/spain\/politica-de-cookies\/#breadcrumb","itemListElement":[{"@type":"ListItem","position":1,"name":"In\u00edcio","item":"https:\/\/centrocar.com\/spain\/"},{"@type":"ListItem","position":2,"name":"Pol\u00edtica de cookies"}]},{"@type":"WebSite","@id":"https:\/\/centrocar.com\/spain\/#website","url":"https:\/\/centrocar.com\/spain\/","name":"Centrocar (Spain)","description":"","potentialAction":[{"@type":"SearchAction","target":{"@type":"EntryPoint","urlTemplate":"https:\/\/centrocar.com\/spain\/?s={search_term_string}"},"query-input":{"@type":"PropertyValueSpecification","valueRequired":true,"valueName":"search_term_string"}}],"inLanguage":"pt-PT"}]}},"_links":{"self":[{"href":"https:\/\/centrocar.com\/spain\/wp-json\/wp\/v2\/pages\/7367","targetHints":{"allow":["GET"]}}],"collection":[{"href":"https:\/\/centrocar.com\/spain\/wp-json\/wp\/v2\/pages"}],"about":[{"href":"https:\/\/centrocar.com\/spain\/wp-json\/wp\/v2\/types\/page"}],"author":[{"embeddable":true,"href":"https:\/\/centrocar.com\/spain\/wp-json\/wp\/v2\/users\/1"}],"replies":[{"embeddable":true,"href":"https:\/\/centrocar.com\/spain\/wp-json\/wp\/v2\/comments?post=7367"}],"version-history":[{"count":0,"href":"https:\/\/centrocar.com\/spain\/wp-json\/wp\/v2\/pages\/7367\/revisions"}],"wp:attachment":[{"href":"https:\/\/centrocar.com\/spain\/wp-json\/wp\/v2\/media?parent=7367"}],"curies":[{"name":"wp","href":"https:\/\/api.w.org\/{rel}","templated":true}]}}